{"id":15,"date":"2021-11-21T15:14:41","date_gmt":"2021-11-21T15:14:41","guid":{"rendered":"https:\/\/orthros.fi\/?page_id=15"},"modified":"2024-05-22T13:17:53","modified_gmt":"2024-05-22T11:17:53","slug":"services","status":"publish","type":"page","link":"https:\/\/orthros.fi\/fi\/services\/","title":{"rendered":"Services"},"content":{"rendered":"<div data-elementor-type=\"wp-page\" data-elementor-id=\"15\" class=\"elementor elementor-15\">\n\t\t\t\t\t\t<section class=\"elementor-section elementor-top-section elementor-element elementor-element-6f57d69 elementor-section-height-min-height elementor-section-boxed elementor-section-height-default elementor-section-items-middle\" data-id=\"6f57d69\" data-element_type=\"section\" data-settings=\"{&quot;background_background&quot;:&quot;classic&quot;}\">\n\t\t\t\t\t\t\t<div class=\"elementor-background-overlay\"><\/div>\n\t\t\t\t\t\t\t<div class=\"elementor-container elementor-column-gap-default\">\n\t\t\t\t\t<div class=\"elementor-column elementor-col-100 elementor-top-column elementor-element elementor-element-47228c7\" data-id=\"47228c7\" data-element_type=\"column\">\n\t\t\t<div class=\"elementor-widget-wrap elementor-element-populated\">\n\t\t\t\t\t\t<div class=\"elementor-element elementor-element-745baeb elementor-widget elementor-widget-heading\" data-id=\"745baeb\" data-element_type=\"widget\" data-widget_type=\"heading.default\">\n\t\t\t\t<div class=\"elementor-widget-container\">\n\t\t\t\t\t<h1 class=\"elementor-heading-title elementor-size-default\">kurssit<\/h1>\t\t\t\t<\/div>\n\t\t\t\t<\/div>\n\t\t\t\t\t<\/div>\n\t\t<\/div>\n\t\t\t\t\t<\/div>\n\t\t<\/section>\n\t\t\t\t<section class=\"elementor-section elementor-top-section elementor-element elementor-element-313a1ba elementor-reverse-mobile elementor-section-boxed elementor-section-height-default elementor-section-height-default\" data-id=\"313a1ba\" data-element_type=\"section\">\n\t\t\t\t\t\t<div class=\"elementor-container elementor-column-gap-default\">\n\t\t\t\t\t<div class=\"elementor-column elementor-col-100 elementor-top-column elementor-element elementor-element-ddff12f\" data-id=\"ddff12f\" data-element_type=\"column\">\n\t\t\t<div class=\"elementor-widget-wrap elementor-element-populated\">\n\t\t\t\t\t\t<div class=\"elementor-element elementor-element-4f3b33b elementor-widget elementor-widget-heading\" data-id=\"4f3b33b\" data-element_type=\"widget\" data-widget_type=\"heading.default\">\n\t\t\t\t<div class=\"elementor-widget-container\">\n\t\t\t\t\t<h2 class=\"elementor-heading-title elementor-size-large\">OSALLISTU KURSSILLE<\/h2>\t\t\t\t<\/div>\n\t\t\t\t<\/div>\n\t\t\t\t<div class=\"elementor-element elementor-element-bbd6665 elementor-widget elementor-widget-text-editor\" data-id=\"bbd6665\" data-element_type=\"widget\" data-widget_type=\"text-editor.default\">\n\t\t\t\t<div class=\"elementor-widget-container\">\n\t\t\t\t\t\t\t\t\t<p>Ennen kuin ilmoittaudut kurssille, huomioithan, ett\u00e4 osallistujien on kyett\u00e4v\u00e4 todistamaan omaavansa turvalliset aseenk\u00e4sittelytaidot ja perusymm\u00e4rrys toiminnallisesta ammunnasta. Todistukseksi kelpaa esimerkiksi IPSC, IDPA tai SRA status tai kokemus viranomais- tai sotilasteht\u00e4vist\u00e4. Lis\u00e4ksi tarvitaan asianmukainen ja voimassa oleva vakuutus.<\/p><p>\u00a0<\/p><p class=\"translation-block\"><b>J\u00e4rjest\u00e4 oma kurssi:<\/b> Matkustamme mielell\u00e4mme ja pid\u00e4mme kurssin valitsemassasi paikassa, niin kotimassa, kuin ulkomaillakin. Sin\u00e4 toimit is\u00e4nt\u00e4n\u00e4 ja hoidat ampumaradan varaamisen sek\u00e4 osallistujien rekrytoinnin omasta verkostostasi. Ty\u00f6skentelemme tiiviisti kanssasi varmistaaksemme onnistuneen tapahtuman ja tarvittaessa voimme auttaa mainostamaan avoimia kurssipaikkoja.<\/p><p>\u00a0<\/p><p class=\"translation-block\"><b>Avoimen ilmoittautumisen kurssit:<\/b> Osallistu meid\u00e4n j\u00e4rjest\u00e4mille kursseille, joita on tarjolla ymp\u00e4ri vuoden. N\u00e4m\u00e4 kurssit ovat avoimia kaikille intohimoisille pistooliampujille. Pid\u00e4 silm\u00e4ll\u00e4 verkkosivujamme ja some-kanaviamme tulevien kurssi-ilmoitusten varalta. Rekister\u00f6idy liitty\u00e4ksesi muiden kanssahenkisten kehittymist\u00e4 tavoittelevien harrastajien joukkoon.<\/p>\t\t\t\t\t\t\t\t<\/div>\n\t\t\t\t<\/div>\n\t\t\t\t\t<\/div>\n\t\t<\/div>\n\t\t\t\t\t<\/div>\n\t\t<\/section>\n\t\t<div class=\"elementor-element elementor-element-b9bc5a0 e-flex e-con-boxed e-con e-parent\" data-id=\"b9bc5a0\" data-element_type=\"container\" data-settings=\"{&quot;background_background&quot;:&quot;classic&quot;}\">\n\t\t\t\t\t<div class=\"e-con-inner\">\n\t\t\t\t\t<\/div>\n\t\t\t\t<\/div>\n\t\t\t\t<section class=\"elementor-section elementor-top-section elementor-element elementor-element-a8f7aed elementor-reverse-mobile elementor-section-boxed elementor-section-height-default elementor-section-height-default\" data-id=\"a8f7aed\" data-element_type=\"section\">\n\t\t\t\t\t\t<div class=\"elementor-container elementor-column-gap-default\">\n\t\t\t\t\t<div class=\"elementor-column elementor-col-100 elementor-top-column elementor-element elementor-element-f1f2bc2\" data-id=\"f1f2bc2\" data-element_type=\"column\">\n\t\t\t<div class=\"elementor-widget-wrap elementor-element-populated\">\n\t\t\t\t\t\t<div class=\"elementor-element elementor-element-34a10af elementor-widget elementor-widget-heading\" data-id=\"34a10af\" data-element_type=\"widget\" data-widget_type=\"heading.default\">\n\t\t\t\t<div class=\"elementor-widget-container\">\n\t\t\t\t\t<h2 class=\"elementor-heading-title elementor-size-large\">DYNAMIC PISTOL SHOOTING FUNDAMENTALS<\/h2>\t\t\t\t<\/div>\n\t\t\t\t<\/div>\n\t\t\t\t<div class=\"elementor-element elementor-element-dc0f3cb elementor-widget elementor-widget-text-editor\" data-id=\"dc0f3cb\" data-element_type=\"widget\" data-widget_type=\"text-editor.default\">\n\t\t\t\t<div class=\"elementor-widget-container\">\n\t\t\t\t\t\t\t\t\t<p>Vaikka kurssin nimi antaisi muuta ymm\u00e4rt\u00e4\u00e4, t\u00e4m\u00e4 kurssi ei ole tarkoitettu ainoastaan aloittelijoille; se soveltuu kaiken tasoisille toiminnallista ammuntaa harrastaville tai asetta ty\u00f6ss\u00e4\u00e4n k\u00e4sitteleville henkil\u00f6ille. Kahden p\u00e4iv\u00e4n aikana perehdyt\u00e4\u00e4n oikean otteen perusteisiin, erilaisten t\u00e4ht\u00e4inkuvien hy\u00f6dynt\u00e4miseen, rekyylin hallintaan, taulunvaihtoon ja liikkumiseen. Opetusmenetelm\u00e4mme perustuu erilaisiin harjoitteisiin, joista jokainen keskittyy yhteen ammunnan osa-alueeseen kerrallaan. Kurssin lopussa sinulla on selke\u00e4 k\u00e4sitys henkil\u00f6kohtaisista kehityskohteista ja selke\u00e4 ymm\u00e4rrys, kuinka kehityt tehokkaalla harjoittelulla hy\u00f6dynt\u00e4en ampumarata- sek\u00e4 kuivaharjoittelua. Kurssilla opit my\u00f6s diagnosoimaan omaa ammuntaasi rakentavasti.<\/p>\t\t\t\t\t\t\t\t<\/div>\n\t\t\t\t<\/div>\n\t\t\t\t<div class=\"elementor-element elementor-element-1b9cb59 elementor-widget__width-initial elementor-widget-mobile__width-initial elementor-widget elementor-widget-text-editor\" data-id=\"1b9cb59\" data-element_type=\"widget\" data-widget_type=\"text-editor.default\">\n\t\t\t\t<div class=\"elementor-widget-container\">\n\t\t\t\t\t\t\t\t\t<p>Kouluttajien lukum\u00e4\u00e4r\u00e4<\/p><p>Maks. osallistujam\u00e4\u00e4r\u00e4<\/p><p>Arvioitu patruunankulutus<\/p>\t\t\t\t\t\t\t\t<\/div>\n\t\t\t\t<\/div>\n\t\t\t\t<div class=\"elementor-element elementor-element-50c119d elementor-widget__width-initial elementor-widget-mobile__width-initial elementor-widget elementor-widget-text-editor\" data-id=\"50c119d\" data-element_type=\"widget\" data-widget_type=\"text-editor.default\">\n\t\t\t\t<div class=\"elementor-widget-container\">\n\t\t\t\t\t\t\t\t\t<p>2<\/p><p>16<\/p><p>1000<\/p>\t\t\t\t\t\t\t\t<\/div>\n\t\t\t\t<\/div>\n\t\t\t\t\t<\/div>\n\t\t<\/div>\n\t\t\t\t\t<\/div>\n\t\t<\/section>\n\t\t<div class=\"elementor-element elementor-element-6a11e16 e-flex e-con-boxed e-con e-parent\" data-id=\"6a11e16\" data-element_type=\"container\" data-settings=\"{&quot;background_background&quot;:&quot;classic&quot;}\">\n\t\t\t\t\t<div class=\"e-con-inner\">\n\t\t\t\t\t<\/div>\n\t\t\t\t<\/div>\n\t\t<div class=\"elementor-element elementor-element-0942ab8 e-flex e-con-boxed e-con e-parent\" data-id=\"0942ab8\" data-element_type=\"container\">\n\t\t\t\t\t<div class=\"e-con-inner\">\n\t\t<div class=\"elementor-element elementor-element-67782a9 e-con-full e-flex e-con e-child\" data-id=\"67782a9\" data-element_type=\"container\">\n\t\t\t\t<div class=\"elementor-element elementor-element-b3a0395 elementor-widget elementor-widget-heading\" data-id=\"b3a0395\" data-element_type=\"widget\" data-widget_type=\"heading.default\">\n\t\t\t\t<div class=\"elementor-widget-container\">\n\t\t\t\t\t<h2 class=\"elementor-heading-title elementor-size-large\">TULEVAT AVOIMEN ILMOITTAUTUMISEN KURSSIT<\/h2>\t\t\t\t<\/div>\n\t\t\t\t<\/div>\n\t\t\t\t<div class=\"elementor-element elementor-element-7bf748f elementor-widget-mobile__width-initial elementor-widget elementor-widget-text-editor\" data-id=\"7bf748f\" data-element_type=\"widget\" data-widget_type=\"text-editor.default\">\n\t\t\t\t<div class=\"elementor-widget-container\">\n\t\t\t\t\t\t\t\t\t<p>Kurssille ilmoittaudutaan \"Ota Yhteytt\u00e4\" -lomakkeella, linkki alla.<\/p>\n<p><span style=\"text-align: var(--text-align); font-size: 1rem;\">&nbsp;<\/span><\/p>\n<p>29 - 30.6.2024 \u2013 Dynamic Pistol Shooting Fundamentals, Heinola<span style=\"text-align: var(--text-align); font-size: 1rem;\">&nbsp;<\/span><span style=\"text-align: var(--text-align); font-size: 1rem;\">&#8211; Price: 330 \u20ac<\/span><\/p><p><span style=\"text-align: var(--text-align); font-size: 1rem;\"><br><\/span><\/p>\n<p><\/p>\n<p>Kurssimaksun voit maksaa laskulla tai liikuntasetelill\u00e4. Hyv\u00e4ksymme Edenred, Smartun ja ePassi liikuntasetelit. Ilmoita toivotusta maksutavasta rekister\u00f6itymisen yhteydess\u00e4.<\/p><p><br><\/p><p>Asetalo Oy tarjoaa vuoka-aseta, varusteita ja patruunoita kursseillemme. Vuokatarvikkeet laskutetaan erikseen Asetalon toimesta. Mik\u00e4li olet kiinnostunut vuokraksesta, olethan yhteydess\u00e4 meihin niin annamme lis\u00e4tietoja.<\/p>\t\t\t\t\t\t\t\t<\/div>\n\t\t\t\t<\/div>\n\t\t\t\t<\/div>\n\t\t\t\t\t<\/div>\n\t\t\t\t<\/div>\n\t\t\t\t<section class=\"elementor-section elementor-top-section elementor-element elementor-element-ea64682 elementor-section-content-middle elementor-section-boxed elementor-section-height-default elementor-section-height-default\" data-id=\"ea64682\" data-element_type=\"section\" data-settings=\"{&quot;background_background&quot;:&quot;classic&quot;}\">\n\t\t\t\t\t\t\t<div class=\"elementor-background-overlay\"><\/div>\n\t\t\t\t\t\t\t<div class=\"elementor-container elementor-column-gap-default\">\n\t\t\t\t\t<div class=\"elementor-column elementor-col-100 elementor-top-column elementor-element elementor-element-3cb18be\" data-id=\"3cb18be\" data-element_type=\"column\">\n\t\t\t<div class=\"elementor-widget-wrap elementor-element-populated\">\n\t\t\t\t\t\t<div class=\"elementor-element elementor-element-d2ec9a0 elementor-widget__width-initial elementor-widget elementor-widget-heading\" data-id=\"d2ec9a0\" data-element_type=\"widget\" data-widget_type=\"heading.default\">\n\t\t\t\t<div class=\"elementor-widget-container\">\n\t\t\t\t\t<h2 class=\"elementor-heading-title elementor-size-default\">Ilmoittaudu tai j\u00e4rjest\u00e4 kurssi<\/h2>\t\t\t\t<\/div>\n\t\t\t\t<\/div>\n\t\t\t\t<div class=\"elementor-element elementor-element-0cc9dbc elementor-widget elementor-widget-text-editor\" data-id=\"0cc9dbc\" data-element_type=\"widget\" data-widget_type=\"text-editor.default\">\n\t\t\t\t<div class=\"elementor-widget-container\">\n\t\t\t\t\t\t\t\t\t<p>Kerro mille kurssille haluat osallistua, vai haluatko j\u00e4rjest\u00e4\u00e4 kurssin. Olemme yhteydess\u00e4 pikimmiten.<\/p>\t\t\t\t\t\t\t\t<\/div>\n\t\t\t\t<\/div>\n\t\t\t\t<div class=\"elementor-element elementor-element-5cf30d0 elementor-align-center elementor-widget elementor-widget-button\" data-id=\"5cf30d0\" data-element_type=\"widget\" data-widget_type=\"button.default\">\n\t\t\t\t<div class=\"elementor-widget-container\">\n\t\t\t\t\t\t\t\t\t<div class=\"elementor-button-wrapper\">\n\t\t\t\t\t<a class=\"elementor-button elementor-button-link elementor-size-sm\" href=\"https:\/\/orthros.fi\/fi\/?page_id=16\">\n\t\t\t\t\t\t<span class=\"elementor-button-content-wrapper\">\n\t\t\t\t\t\t\t\t\t<span class=\"elementor-button-text\">Ota Yhteytt\u00e4<\/span>\n\t\t\t\t\t<\/span>\n\t\t\t\t\t<\/a>\n\t\t\t\t<\/div>\n\t\t\t\t\t\t\t\t<\/div>\n\t\t\t\t<\/div>\n\t\t\t\t\t<\/div>\n\t\t<\/div>\n\t\t\t\t\t<\/div>\n\t\t<\/section>\n\t\t\t\t<\/div>","protected":false},"excerpt":{"rendered":"<p>classes TAKE A CLASS Before diving into our classes, please note that attendees must demonstrate safe gun handling skills and familiarity with dynamic shooting. A suitable qualification can include an active status in IPSC, IDPA, SRA, LEO, Military experience, etc. Additionally, a suitable and active insurance is needed. \u00a0 Host Your Own Class: We are [&hellip;]<\/p>\n","protected":false},"author":1,"featured_media":0,"parent":0,"menu_order":0,"comment_status":"closed","ping_status":"closed","template":"","meta":{"site-sidebar-layout":"no-sidebar","site-content-layout":"page-builder","ast-site-content-layout":"default","site-content-style":"default","site-sidebar-style":"default","ast-global-header-display":"","ast-banner-title-visibility":"","ast-main-header-display":"","ast-hfb-above-header-display":"","ast-hfb-below-header-display":"","ast-hfb-mobile-header-display":"","site-post-title":"disabled","ast-breadcrumbs-content":"","ast-featured-img":"disabled","footer-sml-layout":"","ast-disable-related-posts":"","theme-transparent-header-meta":"enabled","adv-header-id-meta":"","stick-header-meta":"","header-above-stick-meta":"","header-main-stick-meta":"","header-below-stick-meta":"","astra-migrate-meta-layouts":"default","ast-page-background-enabled":"default","ast-page-background-meta":{"desktop":{"background-color":"var(--ast-global-color-4)","background-image":"","background-repeat":"repeat","background-position":"center center","background-size":"auto","background-attachment":"scroll","background-type":"","background-media":"","overlay-type":"","overlay-color":"","overlay-opacity":"","overlay-gradient":""},"tablet":{"background-color":"","background-image":"","background-repeat":"repeat","background-position":"center center","background-size":"auto","background-attachment":"scroll","background-type":"","background-media":"","overlay-type":"","overlay-color":"","overlay-opacity":"","overlay-gradient":""},"mobile":{"background-color":"","background-image":"","background-repeat":"repeat","background-position":"center center","background-size":"auto","background-attachment":"scroll","background-type":"","background-media":"","overlay-type":"","overlay-color":"","overlay-opacity":"","overlay-gradient":""}},"ast-content-background-meta":{"desktop":{"background-color":"var(--ast-global-color-5)","background-image":"","background-repeat":"repeat","background-position":"center center","background-size":"auto","background-attachment":"scroll","background-type":"","background-media":"","overlay-type":"","overlay-color":"","overlay-opacity":"","overlay-gradient":""},"tablet":{"background-color":"var(--ast-global-color-5)","background-image":"","background-repeat":"repeat","background-position":"center center","background-size":"auto","background-attachment":"scroll","background-type":"","background-media":"","overlay-type":"","overlay-color":"","overlay-opacity":"","overlay-gradient":""},"mobile":{"background-color":"var(--ast-global-color-5)","background-image":"","background-repeat":"repeat","background-position":"center center","background-size":"auto","background-attachment":"scroll","background-type":"","background-media":"","overlay-type":"","overlay-color":"","overlay-opacity":"","overlay-gradient":""}},"footnotes":""},"_links":{"self":[{"href":"https:\/\/orthros.fi\/fi\/wp-json\/wp\/v2\/pages\/15"}],"collection":[{"href":"https:\/\/orthros.fi\/fi\/wp-json\/wp\/v2\/pages"}],"about":[{"href":"https:\/\/orthros.fi\/fi\/wp-json\/wp\/v2\/types\/page"}],"author":[{"embeddable":true,"href":"https:\/\/orthros.fi\/fi\/wp-json\/wp\/v2\/users\/1"}],"replies":[{"embeddable":true,"href":"https:\/\/orthros.fi\/fi\/wp-json\/wp\/v2\/comments?post=15"}],"version-history":[{"count":138,"href":"https:\/\/orthros.fi\/fi\/wp-json\/wp\/v2\/pages\/15\/revisions"}],"predecessor-version":[{"id":2437,"href":"https:\/\/orthros.fi\/fi\/wp-json\/wp\/v2\/pages\/15\/revisions\/2437"}],"wp:attachment":[{"href":"https:\/\/orthros.fi\/fi\/wp-json\/wp\/v2\/media?parent=15"}],"curies":[{"name":"wp","href":"https:\/\/api.w.org\/{rel}","templated":true}]}}