{"id":1710,"date":"2021-11-21T15:14:19","date_gmt":"2021-11-21T15:14:19","guid":{"rendered":"https:\/\/orthros.fi\/?page_id=1710"},"modified":"2024-04-21T12:52:25","modified_gmt":"2024-04-21T10:52:25","slug":"about","status":"publish","type":"page","link":"https:\/\/orthros.fi\/fi\/about\/","title":{"rendered":"About"},"content":{"rendered":"<div data-elementor-type=\"wp-page\" data-elementor-id=\"1710\" class=\"elementor elementor-1710\">\n\t\t\t\t\t\t<section class=\"elementor-section elementor-top-section elementor-element elementor-element-3447f83 elementor-section-height-min-height elementor-section-boxed elementor-section-height-default elementor-section-items-middle\" data-id=\"3447f83\" data-element_type=\"section\" data-settings=\"{&quot;background_background&quot;:&quot;classic&quot;}\">\n\t\t\t\t\t\t\t<div class=\"elementor-background-overlay\"><\/div>\n\t\t\t\t\t\t\t<div class=\"elementor-container elementor-column-gap-default\">\n\t\t\t\t\t<div class=\"elementor-column elementor-col-100 elementor-top-column elementor-element elementor-element-b3a35f8\" data-id=\"b3a35f8\" data-element_type=\"column\">\n\t\t\t<div class=\"elementor-widget-wrap elementor-element-populated\">\n\t\t\t\t\t\t<div class=\"elementor-element elementor-element-32eb271 elementor-widget elementor-widget-heading\" data-id=\"32eb271\" data-element_type=\"widget\" data-widget_type=\"heading.default\">\n\t\t\t\t<div class=\"elementor-widget-container\">\n\t\t\t\t\t<h1 class=\"elementor-heading-title elementor-size-default\">tietoa meist\u00e4<\/h1>\t\t\t\t<\/div>\n\t\t\t\t<\/div>\n\t\t\t\t\t<\/div>\n\t\t<\/div>\n\t\t\t\t\t<\/div>\n\t\t<\/section>\n\t\t\t\t<section class=\"elementor-section elementor-top-section elementor-element elementor-element-29b3f6e elementor-section-boxed elementor-section-height-default elementor-section-height-default\" data-id=\"29b3f6e\" data-element_type=\"section\">\n\t\t\t\t\t\t<div class=\"elementor-container elementor-column-gap-wide\">\n\t\t\t\t\t<div class=\"elementor-column elementor-col-100 elementor-top-column elementor-element elementor-element-56e57e7\" data-id=\"56e57e7\" data-element_type=\"column\">\n\t\t\t<div class=\"elementor-widget-wrap elementor-element-populated\">\n\t\t\t\t\t\t<div class=\"elementor-element elementor-element-8ac353e elementor-widget elementor-widget-heading\" data-id=\"8ac353e\" data-element_type=\"widget\" data-widget_type=\"heading.default\">\n\t\t\t\t<div class=\"elementor-widget-container\">\n\t\t\t\t\t<h2 class=\"elementor-heading-title elementor-size-large\">Tietoa Meist\u00e4<\/h2>\t\t\t\t<\/div>\n\t\t\t\t<\/div>\n\t\t\t\t<div class=\"elementor-element elementor-element-3b2dd1c elementor-widget__width-initial elementor-widget elementor-widget-text-editor\" data-id=\"3b2dd1c\" data-element_type=\"widget\" data-widget_type=\"text-editor.default\">\n\t\t\t\t<div class=\"elementor-widget-container\">\n\t\t\t\t\t\t\t\t\t<p>Meille huippuosaamisen tavoittelu on enemm\u00e4n kuin intohimo; se on el\u00e4m\u00e4ntapa. L\u00e4hes kahden vuosikymmenen yhteisell\u00e4 kokemuksella kilpa-ammunasta, mukaan lukien yhdeks\u00e4n Suomen mestaruutta, yksi Pohjoismaiden mestaruus ja kattava sek\u00e4 menestyksek\u00e4s kokemus kansainv\u00e4lisist\u00e4 kilpailuista ymp\u00e4ri maailmaa, omamme kattavan ymm\u00e4rryksen ja kokemuksen, jonka avulla pystymme auttamaan sinua saavuttamaan tavoitteesi.<\/p><p>\u00a0<\/p><p>Sitoutumisemme ulottuu yli saavutustemme. Olemme intohimoisia valmennuksen suhteen ja kykenemme v\u00e4litt\u00e4m\u00e4\u00e4n osaamistamme kurssilaisille tehokkaasti ja helposti ymm\u00e4rrett\u00e4v\u00e4sti. Ymm\u00e4rr\u00e4mme osaamisen siirt\u00e4misen t\u00e4rkeyden ja omistaudumme auttamaan sinua kehittym\u00e4\u00e4n parhaaksi versioksi itsest\u00e4si.<\/p><p>\u00a0<\/p><p>Me uskomme vahvasti, ett\u00e4 pistooliammunnan perusperiaatteet p\u00e4tev\u00e4t ja pysyv\u00e4t samoina lajista ja k\u00e4ytetyst\u00e4 varustuksesta riippumatta. Harrastitpa IPSC-, IDPA- tai SRA-ammuntaa tai toimit viranomais- tai sotilasteht\u00e4viss\u00e4, l\u00e4hestymistapamme pistooliammunnan tekniikoiden opettamiseen on yleisp\u00e4tev\u00e4. Keskitymme opettamaan oikeita perustaitoja, tunnistamaan yksil\u00f6lliset haasteesi, ja varustamaan sinut tarvittavilla ty\u00f6kaluilla niiden korjaamiseksi.<\/p><p>\u00a0<\/p><p>Kursseillamme autamme ja haastamme jokaista kurssilaista heid\u00e4n oman taitotasonsa mukaisesti. Olitpa sitten aloitteleva tai kokenut ampuja, joka pyrkii huipputasolle, kurssimme tarjoavat rakentavaa oppimista, joka haastaa ja motivoi sinua saavuttamaan tavoitteesi.<\/p><p>Mik\u00e4 erottaa meid\u00e4t muista, on analyyttinen ja yksityiskohtiin keskittyv\u00e4 l\u00e4hestymistapamme ammuntaan ja harjoitteluun. Tarjoamme systemaattisen metodologian oman ampumisen analysointiin, jonka tavoite on mahdollistaa vahva itseohjautuvuus, jolloin toimit itse omana valmentajanasi. Ymm\u00e4rr\u00e4mme, ettei oikotiet\u00e4 onneen l\u00f6ydy ampujana kehittymisess\u00e4. Perustaitojen ja periaatteiden korkean tason hallinta erottaa parhaat muista.<\/p><p>\u00a0<\/p><p>Oletko valmis nostamaan ampumataitosi seuraavalle tasolle? Ota yhteytt\u00e4 meihin ja aloita matkasi kohti huippua.<\/p>\t\t\t\t\t\t\t\t<\/div>\n\t\t\t\t<\/div>\n\t\t\t\t\t<\/div>\n\t\t<\/div>\n\t\t\t\t\t<\/div>\n\t\t<\/section>\n\t\t<div class=\"elementor-element elementor-element-0041c95 e-flex e-con-boxed e-con e-parent\" data-id=\"0041c95\" data-element_type=\"container\" data-settings=\"{&quot;background_background&quot;:&quot;classic&quot;}\">\n\t\t\t\t\t<div class=\"e-con-inner\">\n\t\t\t\t\t<\/div>\n\t\t\t\t<\/div>\n\t\t<div class=\"elementor-element elementor-element-a723b3f e-flex e-con-boxed e-con e-parent\" data-id=\"a723b3f\" data-element_type=\"container\">\n\t\t\t\t\t<div class=\"e-con-inner\">\n\t\t\t\t<div class=\"elementor-element elementor-element-97fd014 elementor-widget__width-initial elementor-widget elementor-widget-heading\" data-id=\"97fd014\" data-element_type=\"widget\" data-widget_type=\"heading.default\">\n\t\t\t\t<div class=\"elementor-widget-container\">\n\t\t\t\t\t<h2 class=\"elementor-heading-title elementor-size-large\">IHMISET YRITYKSEN TAKANA<\/h2>\t\t\t\t<\/div>\n\t\t\t\t<\/div>\n\t\t\t\t<div class=\"elementor-element elementor-element-f5d4a54 elementor-widget__width-initial elementor-widget elementor-widget-text-editor\" data-id=\"f5d4a54\" data-element_type=\"widget\" data-widget_type=\"text-editor.default\">\n\t\t\t\t<div class=\"elementor-widget-container\">\n\t\t\t\t\t\t\t\t\t<p>Itsest\u00e4mme puhuminen voi olla ylivoimaisen vaikea teht\u00e4v\u00e4 meille suomalaisille, joten annoimme puolisoidemme kirjoittaa esittelymme varmistaaksemme realistisen ja suodattamattoman kuvauksen.<\/p>\t\t\t\t\t\t\t\t<\/div>\n\t\t\t\t<\/div>\n\t\t\t\t\t<\/div>\n\t\t\t\t<\/div>\n\t\t<div class=\"elementor-element elementor-element-f346f0b e-flex e-con-boxed e-con e-parent\" data-id=\"f346f0b\" data-element_type=\"container\">\n\t\t\t\t\t<div class=\"e-con-inner\">\n\t\t<div class=\"elementor-element elementor-element-ddda5a6 e-con-full e-flex e-con e-child\" data-id=\"ddda5a6\" data-element_type=\"container\">\n\t\t\t\t<div class=\"elementor-element elementor-element-f6140f5 elementor-widget elementor-widget-heading\" data-id=\"f6140f5\" data-element_type=\"widget\" data-widget_type=\"heading.default\">\n\t\t\t\t<div class=\"elementor-widget-container\">\n\t\t\t\t\t<h3 class=\"elementor-heading-title elementor-size-default\">Tero Heinvall<\/h3>\t\t\t\t<\/div>\n\t\t\t\t<\/div>\n\t\t\t\t<div class=\"elementor-element elementor-element-20d3c6c elementor-widget__width-initial elementor-widget elementor-widget-text-editor\" data-id=\"20d3c6c\" data-element_type=\"widget\" data-widget_type=\"text-editor.default\">\n\t\t\t\t<div class=\"elementor-widget-container\">\n\t\t\t\t\t\t\t\t\t<p class=\"translation-block\">Ampuja, aviomies ja is\u00e4. Ampuja intohimosta, aviomies vaimon armosta ja is\u00e4 rakkaudesta. Kuvittelee olevansa aina oikeassa, mutta on siin\u00e4kin v\u00e4\u00e4r\u00e4ss\u00e4. Vihaa siivoamista ja kuivaharkkaa aina kun olisi h\u00e4nen vuoro tarttua imuriin. Tero on tuhlannut melkein puolet el\u00e4m\u00e4st\u00e4\u00e4n (ja kaikki rahansa) viilatessaan pyssytaitojaan, ja se on (tavallaan) tuottanut tulostakin: kuusinkertainen Suomen mestari ja Pohjoismaiden mestari. H\u00e4nell\u00e4 on kumma tarve kertoa muille mit\u00e4 tehd\u00e4 ja kutsuu sit\u00e4 'opettamiseksi'. Ja viel\u00e4 tuosta sukunimest\u00e4... sit\u00e4 se naimisiin meno teett\u00e4\u00e4. :D Useammalle tutumpi se vanha, Heinonen.<\/p>\t\t\t\t\t\t\t\t<\/div>\n\t\t\t\t<\/div>\n\t\t\t\t<\/div>\n\t\t<div class=\"elementor-element elementor-element-620d231 e-con-full e-flex e-con e-child\" data-id=\"620d231\" data-element_type=\"container\">\n\t\t\t\t<div class=\"elementor-element elementor-element-b5ffa78 elementor-widget elementor-widget-heading\" data-id=\"b5ffa78\" data-element_type=\"widget\" data-widget_type=\"heading.default\">\n\t\t\t\t<div class=\"elementor-widget-container\">\n\t\t\t\t\t<h3 class=\"elementor-heading-title elementor-size-default\">Iiro Vanne<\/h3>\t\t\t\t<\/div>\n\t\t\t\t<\/div>\n\t\t\t\t<div class=\"elementor-element elementor-element-ec6d951 elementor-widget elementor-widget-text-editor\" data-id=\"ec6d951\" data-element_type=\"widget\" data-widget_type=\"text-editor.default\">\n\t\t\t\t<div class=\"elementor-widget-container\">\n\t\t\t\t\t\t\t\t\t<p><em>Mit\u00e4 yhteist\u00e4 on tiedemiehell\u00e4, insin\u00f6\u00f6rill\u00e4, urheiluhullulla ja kolminkertaisella IPSC Suomen mestarilla?<\/em><\/p><p>\u00a0<\/p><p>Ken tiet\u00e4\u00e4, mutta t\u00e4m\u00e4 kaveri on ehdottomasti se tyyppi, johon kannattaa k\u00e4\u00e4nty\u00e4, kun tarvitset yksityiskohtaista selityst\u00e4 ja syv\u00e4llist\u00e4 analyysi\u00e4 asioista, joita et edes tiennyt, ett\u00e4 sinun pit\u00e4isi tai kuuluisi tiet\u00e4\u00e4, mutta nyt todella arvostat tiet\u00e4v\u00e4si.<\/p><p>\u00a0<\/p><p>Ollessaan h\u00e4vett\u00e4v\u00e4n rehellinen, h\u00e4n luultavasti kertoo sinulle suodattamattoman mielipiteens\u00e4 melkein ihan mist\u00e4 vain, useimmiten pienell\u00e4 huumorilla s\u00e4vytettyn\u00e4. Vaikka h\u00e4n on tunnettu melkein (ehdottomasti) turhauduttavasta syventymisest\u00e4\u00e4n faktoihin ja tietoon, h\u00e4n jakaa viisautensa hyvin maanl\u00e4heisell\u00e4 ja helposti ymm\u00e4rrett\u00e4v\u00e4ll\u00e4 tavalla. H\u00e4n tosissaan v\u00e4litt\u00e4\u00e4 ja haluaa vilpitt\u00f6m\u00e4sti auttaa sinua.<\/p><p>\u00a0<\/p><p>Yli vuosikymmenen yhdess\u00e4olon j\u00e4lkeen, yrit\u00e4n vain edelleen olla k\u00e4rsiv\u00e4llinen h\u00e4nen puhuessaan \u201dasep*skaa\u201d (= yleinen m\u00e4\u00e4rittelyni kaikelle ammuntaan liittyv\u00e4lle) loputtomiin puhelimessa ja l\u00f6yt\u00e4ess\u00e4ni tauluja mit\u00e4 omituisimmista paikoista kodistamme h\u00e4nen kuivatreenien j\u00e4ljilt\u00e4.<\/p>\t\t\t\t\t\t\t\t<\/div>\n\t\t\t\t<\/div>\n\t\t\t\t<\/div>\n\t\t\t\t\t<\/div>\n\t\t\t\t<\/div>\n\t\t<div class=\"elementor-element elementor-element-9ec8391 e-flex e-con-boxed e-con e-parent\" data-id=\"9ec8391\" data-element_type=\"container\" data-settings=\"{&quot;background_background&quot;:&quot;classic&quot;}\">\n\t\t\t\t\t<div class=\"e-con-inner\">\n\t\t\t\t\t<\/div>\n\t\t\t\t<\/div>\n\t\t<div class=\"elementor-element elementor-element-6cb822d e-flex e-con-boxed e-con e-parent\" data-id=\"6cb822d\" data-element_type=\"container\">\n\t\t\t\t\t<div class=\"e-con-inner\">\n\t\t\t\t<div class=\"elementor-element elementor-element-4a38550 elementor-widget__width-initial elementor-widget elementor-widget-heading\" data-id=\"4a38550\" data-element_type=\"widget\" data-widget_type=\"heading.default\">\n\t\t\t\t<div class=\"elementor-widget-container\">\n\t\t\t\t\t<h2 class=\"elementor-heading-title elementor-size-large\">ASIAKASKOKEMUKSIA<\/h2>\t\t\t\t<\/div>\n\t\t\t\t<\/div>\n\t\t\t\t\t<\/div>\n\t\t\t\t<\/div>\n\t\t<div class=\"elementor-element elementor-element-6f1a505 e-flex e-con-boxed e-con e-parent\" data-id=\"6f1a505\" data-element_type=\"container\">\n\t\t\t\t\t<div class=\"e-con-inner\">\n\t\t<div class=\"elementor-element elementor-element-44c09b5 e-con-full e-flex e-con e-child\" data-id=\"44c09b5\" data-element_type=\"container\">\n\t\t\t\t<div class=\"elementor-element elementor-element-310a443 elementor-widget__width-initial elementor-widget elementor-widget-text-editor\" data-id=\"310a443\" data-element_type=\"widget\" data-widget_type=\"text-editor.default\">\n\t\t\t\t<div class=\"elementor-widget-container\">\n\t\t\t\t\t\t\t\t\t<p>&#8220;<em>Suosittelen jokaiselle k\u00e4siaseiden kanssa harrastaville, oli laji sitten mik\u00e4 tahansa t\u00e4t\u00e4 kurssia! Saa hyv\u00e4t ty\u00f6kalut toimivaan harjoitteluun ja luotto omaan tekemiseen kasvoi jo kahden p\u00e4iv\u00e4n kurssin aikana huomattavasti! Kiitos viel\u00e4!<\/em>&#8221; &#8211; Translated<\/p><p><span style=\"font-weight: inherit; text-align: var(--text-align);\"><i>&#8211; <\/i>Henry Lahti,\u00a0<\/span>Omega Team Ry<\/p>\t\t\t\t\t\t\t\t<\/div>\n\t\t\t\t<\/div>\n\t\t\t\t<\/div>\n\t\t<div class=\"elementor-element elementor-element-41e84e6 e-con-full e-flex e-con e-child\" data-id=\"41e84e6\" data-element_type=\"container\">\n\t\t\t\t<div class=\"elementor-element elementor-element-8ed7c5f elementor-widget elementor-widget-text-editor\" data-id=\"8ed7c5f\" data-element_type=\"widget\" data-widget_type=\"text-editor.default\">\n\t\t\t\t<div class=\"elementor-widget-container\">\n\t\t\t\t\t\t\t\t\t<p>&#8220;<em>Reilun 20 vuoden omaehtoisella harrastamisella, harjoittelulla ja kisaamisella p\u00e4\u00e4see tiettyyn pisteeseen saakka. Nyt kurssilla tuli uusia ajatuksia harrastuksen viemisess\u00e4 eteenp\u00e4in. On aika varmaa jo nyt, ett\u00e4 osumat ja suoritusajat tulevat paranemaan tulevaisuudessa annettujen harjoitusohjeiden ja vinkkien ansiosta.<\/em>&#8221; &#8211; Translated<\/p><p>- Henkil\u00f6llisyytt\u00e4 ei julkaistu<\/p>\t\t\t\t\t\t\t\t<\/div>\n\t\t\t\t<\/div>\n\t\t\t\t<\/div>\n\t\t<div class=\"elementor-element elementor-element-9d9902a e-con-full e-flex e-con e-child\" data-id=\"9d9902a\" data-element_type=\"container\">\n\t\t\t\t<div class=\"elementor-element elementor-element-d78c418 elementor-widget elementor-widget-text-editor\" data-id=\"d78c418\" data-element_type=\"widget\" data-widget_type=\"text-editor.default\">\n\t\t\t\t<div class=\"elementor-widget-container\">\n\t\t\t\t\t\t\t\t\t<p>&#8220;<em>Kouluttajien oma kokemus ja tiet\u00e4mys asiasta n\u00e4kyy sek\u00e4 kuuluu!<\/em>&#8221; &#8211; Translated<\/p><p><em><span style=\"font-weight: inherit; text-align: var(--text-align);\">&#8211; <\/span><\/em><span style=\"font-weight: inherit; text-align: var(--text-align);\">- Henkil\u00f6llisyytt\u00e4 ei julkaistu<\/span><\/p>\t\t\t\t\t\t\t\t<\/div>\n\t\t\t\t<\/div>\n\t\t\t\t<\/div>\n\t\t<div class=\"elementor-element elementor-element-487f205 e-con-full e-flex e-con e-child\" data-id=\"487f205\" data-element_type=\"container\">\n\t\t\t\t<div class=\"elementor-element elementor-element-a079456 elementor-widget elementor-widget-text-editor\" data-id=\"a079456\" data-element_type=\"widget\" data-widget_type=\"text-editor.default\">\n\t\t\t\t<div class=\"elementor-widget-container\">\n\t\t\t\t\t\t\t\t\t<p>&#8220;<em>Iiron ja Teron vet\u00e4m\u00e4 kurssi sopii hyvin niille, joilla on tavoitteena kehitty\u00e4 paremmaksi ampujaksi toiminnallisissa lajeissa. Itse koen, ett\u00e4 kurssin idea ei ollut opettaa vain mekaanisen ammunnan perusteita, vaan tarjota ajatus siit\u00e4 millainen kokonaisuus on hyv\u00e4 suoritus. T\u00e4m\u00e4 tarkoittaa kaikkea mit\u00e4 tapahtuu l\u00e4ht\u00f6asennon ja viimeisen laukauksen v\u00e4lill\u00e4. Pidemp\u00e4\u00e4nkin harrastaneilla on nyt mahdollisuus saada paljon uutta irti lajista. Osaavat kaverit avaavat sanoin ja ymm\u00e4rrett\u00e4vin k\u00e4sittein miksi ja miten suorituksen voi tehd\u00e4 paremmin.<\/em>&#8221; &#8211; Translated<br \/>&#8211; Antsa<\/p>\t\t\t\t\t\t\t\t<\/div>\n\t\t\t\t<\/div>\n\t\t\t\t<\/div>\n\t\t<div class=\"elementor-element elementor-element-bc19282 e-con-full e-flex e-con e-child\" data-id=\"bc19282\" data-element_type=\"container\">\n\t\t\t\t<div class=\"elementor-element elementor-element-68df14c elementor-widget elementor-widget-text-editor\" data-id=\"68df14c\" data-element_type=\"widget\" data-widget_type=\"text-editor.default\">\n\t\t\t\t<div class=\"elementor-widget-container\">\n\t\t\t\t\t\t\t\t\t<p class=\"translation-block\"><em>\u201c\u201dSuosittelen kurssia eritt\u00e4in l\u00e4mpim\u00e4sti jokaiselle toiminta-ampjalle!\u201d\u201d<\/em><\/p><p>&#8211; Sami &#8220;SKTactical&#8221; Kallinen<\/p>\t\t\t\t\t\t\t\t<\/div>\n\t\t\t\t<\/div>\n\t\t\t\t<\/div>\n\t\t<div class=\"elementor-element elementor-element-9ecb918 e-con-full e-flex e-con e-child\" data-id=\"9ecb918\" data-element_type=\"container\">\n\t\t\t\t<div class=\"elementor-element elementor-element-f16a78b elementor-widget elementor-widget-text-editor\" data-id=\"f16a78b\" data-element_type=\"widget\" data-widget_type=\"text-editor.default\">\n\t\t\t\t<div class=\"elementor-widget-container\">\n\t\t\t\t\t\t\t\t\t<p class=\"translation-block\"><em>\u201dEhdottomasti paras ammuntalurssi 5v harrastuneisuuteni aikana. Ei liikaa oppilaita ja opetus henkil\u00f6kohtaisempaa. Reiluun vuorokauteen 1150 laukausta toimii! Asenne hyv\u00e4 ja kannustava, eik\u00e4 kankea. Edistys\/kehitys oli huima, mit\u00e4 ei edes luvattu. T\u00e4ysin uusi ase kurssille ja hyvin alkoi osua!\u201d <\/em><\/p><p>&#8211; Marko Uusitalo<\/p>\t\t\t\t\t\t\t\t<\/div>\n\t\t\t\t<\/div>\n\t\t\t\t<\/div>\n\t\t<div class=\"elementor-element elementor-element-790d96a e-con-full e-flex e-con e-child\" data-id=\"790d96a\" data-element_type=\"container\">\n\t\t\t\t<div class=\"elementor-element elementor-element-3d7f653 elementor-widget elementor-widget-text-editor\" data-id=\"3d7f653\" data-element_type=\"widget\" data-widget_type=\"text-editor.default\">\n\t\t\t\t<div class=\"elementor-widget-container\">\n\t\t\t\t\t\t\t\t\t<p class=\"translation-block\"><em>\u201dEritt\u00e4in hyv\u00e4 kurssi. L\u00f6ydettiin olennaiset virheet ammunnastani ja annettiin paljon mietitt\u00e4v\u00e4\u00e4 ja kehitett\u00e4v\u00e4\u00e4!\u201d<\/em><\/p><p>&#8211; Mikko<\/p>\t\t\t\t\t\t\t\t<\/div>\n\t\t\t\t<\/div>\n\t\t\t\t<\/div>\n\t\t<div class=\"elementor-element elementor-element-06c81fe e-con-full e-flex e-con e-child\" data-id=\"06c81fe\" data-element_type=\"container\">\n\t\t\t\t<div class=\"elementor-element elementor-element-e55ca25 elementor-widget elementor-widget-text-editor\" data-id=\"e55ca25\" data-element_type=\"widget\" data-widget_type=\"text-editor.default\">\n\t\t\t\t<div class=\"elementor-widget-container\">\n\t\t\t\t\t\t\t\t\t<p class=\"translation-block\"><em>\u201dOhjaajat osasivat hienosti n\u00e4ytt\u00e4\u00e4 ja demota my\u00f6s yleisimm\u00e4t virheelliset tekniikat ja analysoida syyt n\u00e4ille.\u201d <\/em><\/p><p>&#8211; Joona<\/p>\t\t\t\t\t\t\t\t<\/div>\n\t\t\t\t<\/div>\n\t\t\t\t<\/div>\n\t\t<div class=\"elementor-element elementor-element-f6684db e-con-full e-flex e-con e-child\" data-id=\"f6684db\" data-element_type=\"container\">\n\t\t\t\t<div class=\"elementor-element elementor-element-e8253ba elementor-widget elementor-widget-text-editor\" data-id=\"e8253ba\" data-element_type=\"widget\" data-widget_type=\"text-editor.default\">\n\t\t\t\t<div class=\"elementor-widget-container\">\n\t\t\t\t\t\t\t\t\t<p class=\"translation-block\"><em>\u201dHieno kurssi, joka antaa hyv\u00e4n l\u00e4ht\u00f6kohdan ampumaharjoittelun viemiseksi seuraavalle tasolle. Suosittelen ampujille!\u201d <\/em><\/p><p>&#8211; Jussi<\/p>\t\t\t\t\t\t\t\t<\/div>\n\t\t\t\t<\/div>\n\t\t\t\t<\/div>\n\t\t\t\t\t<\/div>\n\t\t\t\t<\/div>\n\t\t\t\t<section class=\"elementor-section elementor-top-section elementor-element elementor-element-27737f0 elementor-section-content-middle elementor-section-boxed elementor-section-height-default elementor-section-height-default\" data-id=\"27737f0\" data-element_type=\"section\" data-settings=\"{&quot;background_background&quot;:&quot;classic&quot;}\">\n\t\t\t\t\t\t\t<div class=\"elementor-background-overlay\"><\/div>\n\t\t\t\t\t\t\t<div class=\"elementor-container elementor-column-gap-default\">\n\t\t\t\t\t<div class=\"elementor-column elementor-col-100 elementor-top-column elementor-element elementor-element-b011e72\" data-id=\"b011e72\" data-element_type=\"column\">\n\t\t\t<div class=\"elementor-widget-wrap elementor-element-populated\">\n\t\t\t\t\t\t<div class=\"elementor-element elementor-element-9702169 elementor-align-center elementor-widget elementor-widget-button\" data-id=\"9702169\" data-element_type=\"widget\" data-widget_type=\"button.default\">\n\t\t\t\t<div class=\"elementor-widget-container\">\n\t\t\t\t\t\t\t\t\t<div class=\"elementor-button-wrapper\">\n\t\t\t\t\t<a class=\"elementor-button elementor-button-link elementor-size-sm\" href=\"https:\/\/orthros.fi\/fi\/?page_id=15\">\n\t\t\t\t\t\t<span class=\"elementor-button-content-wrapper\">\n\t\t\t\t\t\t\t\t\t<span class=\"elementor-button-text\">Osallistu Kurssille<\/span>\n\t\t\t\t\t<\/span>\n\t\t\t\t\t<\/a>\n\t\t\t\t<\/div>\n\t\t\t\t\t\t\t\t<\/div>\n\t\t\t\t<\/div>\n\t\t\t\t\t<\/div>\n\t\t<\/div>\n\t\t\t\t\t<\/div>\n\t\t<\/section>\n\t\t\t\t<\/div>","protected":false},"excerpt":{"rendered":"<p>about us about Us At Orthros, the pursuit of excellence in pistol shooting is more than a passion; it&#8217;s a way of life. With nearly two decades of combined experience in competitive pistol shooting, including nine Finnish championships, one Nordic championship and extensive and successful experience from international competitions around the world, we bring a [&hellip;]<\/p>\n","protected":false},"author":1,"featured_media":0,"parent":0,"menu_order":0,"comment_status":"closed","ping_status":"closed","template":"","meta":{"site-sidebar-layout":"no-sidebar","site-content-layout":"page-builder","ast-site-content-layout":"default","site-content-style":"default","site-sidebar-style":"default","ast-global-header-display":"","ast-banner-title-visibility":"","ast-main-header-display":"","ast-hfb-above-header-display":"","ast-hfb-below-header-display":"","ast-hfb-mobile-header-display":"","site-post-title":"disabled","ast-breadcrumbs-content":"","ast-featured-img":"disabled","footer-sml-layout":"","ast-disable-related-posts":"","theme-transparent-header-meta":"enabled","adv-header-id-meta":"","stick-header-meta":"","header-above-stick-meta":"","header-main-stick-meta":"","header-below-stick-meta":"","astra-migrate-meta-layouts":"default","ast-page-background-enabled":"default","ast-page-background-meta":{"desktop":{"background-color":"var(--ast-global-color-4)","background-image":"","background-repeat":"repeat","background-position":"center center","background-size":"auto","background-attachment":"scroll","background-type":"","background-media":"","overlay-type":"","overlay-color":"","overlay-opacity":"","overlay-gradient":""},"tablet":{"background-color":"","background-image":"","background-repeat":"repeat","background-position":"center center","background-size":"auto","background-attachment":"scroll","background-type":"","background-media":"","overlay-type":"","overlay-color":"","overlay-opacity":"","overlay-gradient":""},"mobile":{"background-color":"","background-image":"","background-repeat":"repeat","background-position":"center center","background-size":"auto","background-attachment":"scroll","background-type":"","background-media":"","overlay-type":"","overlay-color":"","overlay-opacity":"","overlay-gradient":""}},"ast-content-background-meta":{"desktop":{"background-color":"var(--ast-global-color-5)","background-image":"","background-repeat":"repeat","background-position":"center center","background-size":"auto","background-attachment":"scroll","background-type":"","background-media":"","overlay-type":"","overlay-color":"","overlay-opacity":"","overlay-gradient":""},"tablet":{"background-color":"var(--ast-global-color-5)","background-image":"","background-repeat":"repeat","background-position":"center center","background-size":"auto","background-attachment":"scroll","background-type":"","background-media":"","overlay-type":"","overlay-color":"","overlay-opacity":"","overlay-gradient":""},"mobile":{"background-color":"var(--ast-global-color-5)","background-image":"","background-repeat":"repeat","background-position":"center center","background-size":"auto","background-attachment":"scroll","background-type":"","background-media":"","overlay-type":"","overlay-color":"","overlay-opacity":"","overlay-gradient":""}},"footnotes":""},"_links":{"self":[{"href":"https:\/\/orthros.fi\/fi\/wp-json\/wp\/v2\/pages\/1710"}],"collection":[{"href":"https:\/\/orthros.fi\/fi\/wp-json\/wp\/v2\/pages"}],"about":[{"href":"https:\/\/orthros.fi\/fi\/wp-json\/wp\/v2\/types\/page"}],"author":[{"embeddable":true,"href":"https:\/\/orthros.fi\/fi\/wp-json\/wp\/v2\/users\/1"}],"replies":[{"embeddable":true,"href":"https:\/\/orthros.fi\/fi\/wp-json\/wp\/v2\/comments?post=1710"}],"version-history":[{"count":141,"href":"https:\/\/orthros.fi\/fi\/wp-json\/wp\/v2\/pages\/1710\/revisions"}],"predecessor-version":[{"id":2433,"href":"https:\/\/orthros.fi\/fi\/wp-json\/wp\/v2\/pages\/1710\/revisions\/2433"}],"wp:attachment":[{"href":"https:\/\/orthros.fi\/fi\/wp-json\/wp\/v2\/media?parent=1710"}],"curies":[{"name":"wp","href":"https:\/\/api.w.org\/{rel}","templated":true}]}}